{"id":2600,"date":"2021-05-21T14:40:08","date_gmt":"2021-05-21T14:40:08","guid":{"rendered":"https:\/\/gracey.qodeinteractive.com\/?page_id=2600"},"modified":"2025-08-13T18:18:08","modified_gmt":"2025-08-13T18:18:08","slug":"our-team","status":"publish","type":"page","link":"https:\/\/crudo.uy\/index.php\/our-team\/","title":{"rendered":"EQUIPO"},"content":{"rendered":"\t\t<div data-elementor-type=\"wp-page\" data-elementor-id=\"2600\" class=\"elementor elementor-2600\">\n\t\t\t\t\t\t\t\t\t<section class=\"elementor-section elementor-top-section elementor-element elementor-element-f12a633 elementor-section-full_width qodef-elementor-content-grid elementor-section-height-default elementor-section-height-default\" data-id=\"f12a633\" data-element_type=\"section\">\n\t\t\t\t\t\t<div class=\"elementor-container elementor-column-gap-default\">\n\t\t\t\t\t<div class=\"elementor-column elementor-col-100 elementor-top-column elementor-element elementor-element-2f56caf\" data-id=\"2f56caf\" data-element_type=\"column\">\n\t\t\t<div class=\"elementor-widget-wrap elementor-element-populated\">\n\t\t\t\t\t\t\t\t<div class=\"elementor-element elementor-element-5d31418 elementor-widget__width-initial elementor-widget-tablet__width-initial elementor-widget-mobile__width-inherit elementor-widget elementor-widget-gracey_core_info_section\" data-id=\"5d31418\" data-element_type=\"widget\" data-widget_type=\"gracey_core_info_section.default\">\n\t\t\t\t<div class=\"elementor-widget-container\">\n\t\t\t<div class=\"qodef-shortcode qodef-m  qodef-info-section qodef-layout--background-text  qodef-alignment--left qodef-background-text-pos--top-left\">\n\t<div class=\"qodef-m-background-text\">\n\t\t\t<\/div>\n\t<div class=\"qodef-m-info\">\n\t\t\n\t\t\t<h3 class=\"qodef-m-title\" >\n\t\tEn Crudo buscamos a las personas correctas para trabajar en los proyectos indicados, con el objetivo de maximizar su potencial creativo.\t<\/h3>\n\t\t\t\t\t<\/div>\n<\/div>\n\t\t<\/div>\n\t\t\t\t<\/div>\n\t\t\t\t\t<\/div>\n\t\t<\/div>\n\t\t\t\t\t\t\t<\/div>\n\t\t<\/section>\n\t\t\t\t<section class=\"elementor-section elementor-top-section elementor-element elementor-element-ec95ddf elementor-section-full_width qodef-elementor-content-grid elementor-section-content-middle elementor-section-height-default elementor-section-height-default\" data-id=\"ec95ddf\" data-element_type=\"section\">\n\t\t\t\t\t\t<div class=\"elementor-container elementor-column-gap-default\">\n\t\t\t\t\t<div class=\"elementor-column elementor-col-100 elementor-top-column elementor-element elementor-element-14c8b18\" data-id=\"14c8b18\" data-element_type=\"column\">\n\t\t\t<div class=\"elementor-widget-wrap elementor-element-populated\">\n\t\t\t\t\t\t\t\t<div class=\"elementor-element elementor-element-a060471 elementor-widget elementor-widget-gracey_core_team_list\" data-id=\"a060471\" data-element_type=\"widget\" data-widget_type=\"gracey_core_team_list.default\">\n\t\t\t\t<div class=\"elementor-widget-container\">\n\t\t\t<div class=\"qodef-shortcode qodef-m  qodef-team-list qodef-item-layout--info-on-hover qodef-grid qodef-layout--columns  qodef-gutter--normal qodef-col-num--4 qodef-item-layout--info-on-hover qodef--no-bottom-space qodef-pagination--off qodef-responsive--custom qodef-col-num--1440--4 qodef-col-num--1366--4 qodef-col-num--1024--4 qodef-col-num--768--2 qodef-col-num--680--2 qodef-col-num--480--1\" data-options=\"{&quot;plugin&quot;:&quot;gracey_core&quot;,&quot;module&quot;:&quot;post-types\\\/team\\\/shortcodes&quot;,&quot;shortcode&quot;:&quot;team-list&quot;,&quot;post_type&quot;:&quot;team&quot;,&quot;next_page&quot;:&quot;2&quot;,&quot;max_pages_num&quot;:1,&quot;behavior&quot;:&quot;columns&quot;,&quot;images_proportion&quot;:&quot;full&quot;,&quot;columns&quot;:&quot;4&quot;,&quot;columns_responsive&quot;:&quot;custom&quot;,&quot;columns_1440&quot;:&quot;4&quot;,&quot;columns_1366&quot;:&quot;4&quot;,&quot;columns_1024&quot;:&quot;4&quot;,&quot;columns_768&quot;:&quot;2&quot;,&quot;columns_680&quot;:&quot;2&quot;,&quot;columns_480&quot;:&quot;1&quot;,&quot;space&quot;:&quot;normal&quot;,&quot;posts_per_page&quot;:&quot;12&quot;,&quot;orderby&quot;:&quot;date&quot;,&quot;order&quot;:&quot;ASC&quot;,&quot;layout&quot;:&quot;info-on-hover&quot;,&quot;title_tag&quot;:&quot;h5&quot;,&quot;pagination_type&quot;:&quot;no-pagination&quot;,&quot;object_class_name&quot;:&quot;GraceyCore_Team_List_Shortcode&quot;,&quot;taxonomy_filter&quot;:&quot;team-category&quot;,&quot;item_classes&quot;:&quot;qodef-e qodef-grid-item&quot;,&quot;space_value&quot;:15}\">\n\t\t<div class=\"qodef-grid-inner clear\">\n\t\t<div class=\"qodef-e qodef-grid-item post-2377 team type-team status-publish has-post-thumbnail hentry team-category-team\">\n\t<div class=\"qodef-e-inner\">\n\t\t<div class=\"qodef-e-image\">\n\t\t\t\t<div class=\"qodef-e-media-image\">\n\t\t\t\t\t<img loading=\"lazy\" decoding=\"async\" width=\"337\" height=\"425\" src=\"https:\/\/crudo.uy\/wp-content\/uploads\/2021\/05\/Mesa-de-trabajo-1-copia-2.png\" class=\"attachment-full size-full wp-post-image\" alt=\"\" srcset=\"https:\/\/crudo.uy\/wp-content\/uploads\/2021\/05\/Mesa-de-trabajo-1-copia-2.png 337w, https:\/\/crudo.uy\/wp-content\/uploads\/2021\/05\/Mesa-de-trabajo-1-copia-2-238x300.png 238w\" sizes=\"auto, (max-width: 337px) 100vw, 337px\" \/>\t\t\t<\/div>\n\t\t<\/div>\n\t\t<div class=\"qodef-e-content\">\n            <h5 itemprop=\"name\" class=\"qodef-e-title entry-title\" >\n\t\t\tGonzalo<br>Grandal\t<\/h5>\n\t\t\t\t<p class=\"qodef-e-role\">Socio + Director Creativo<\/p>\n\t\t\t\t<div class=\"qodef-team-member-social-icons\">\n\t\t\t\t\t\t\t\t<\/div>\n\t\t<\/div>\n\t<\/div>\n<\/div>\n<div class=\"qodef-e qodef-grid-item post-2387 team type-team status-publish has-post-thumbnail hentry team-category-team\">\n\t<div class=\"qodef-e-inner\">\n\t\t<div class=\"qodef-e-image\">\n\t\t\t\t<div class=\"qodef-e-media-image\">\n\t\t\t\t\t<img loading=\"lazy\" decoding=\"async\" width=\"337\" height=\"425\" src=\"https:\/\/crudo.uy\/wp-content\/uploads\/2021\/05\/Mesa-de-trabajo-1-copia-7.png\" class=\"attachment-full size-full wp-post-image\" alt=\"\" srcset=\"https:\/\/crudo.uy\/wp-content\/uploads\/2021\/05\/Mesa-de-trabajo-1-copia-7.png 337w, https:\/\/crudo.uy\/wp-content\/uploads\/2021\/05\/Mesa-de-trabajo-1-copia-7-238x300.png 238w\" sizes=\"auto, (max-width: 337px) 100vw, 337px\" \/>\t\t\t<\/div>\n\t\t<\/div>\n\t\t<div class=\"qodef-e-content\">\n            <h5 itemprop=\"name\" class=\"qodef-e-title entry-title\" >\n\t\t\tFabricio<br>Molaguero\t<\/h5>\n\t\t\t\t<p class=\"qodef-e-role\">Socio + Director de Arte<\/p>\n\t\t\t\t<div class=\"qodef-team-member-social-icons\">\n\t\t\t\t\t\t\t\t\t\t\t\t\t\t\t\t\t\t<\/div>\n\t\t<\/div>\n\t<\/div>\n<\/div>\n<div class=\"qodef-e qodef-grid-item post-2388 team type-team status-publish has-post-thumbnail hentry team-category-team\">\n\t<div class=\"qodef-e-inner\">\n\t\t<div class=\"qodef-e-image\">\n\t\t\t\t<div class=\"qodef-e-media-image\">\n\t\t\t\t\t<img loading=\"lazy\" decoding=\"async\" width=\"337\" height=\"425\" src=\"https:\/\/crudo.uy\/wp-content\/uploads\/2021\/05\/Mesa-de-trabajo-1-copia-4.png\" class=\"attachment-full size-full wp-post-image\" alt=\"\" srcset=\"https:\/\/crudo.uy\/wp-content\/uploads\/2021\/05\/Mesa-de-trabajo-1-copia-4.png 337w, https:\/\/crudo.uy\/wp-content\/uploads\/2021\/05\/Mesa-de-trabajo-1-copia-4-238x300.png 238w\" sizes=\"auto, (max-width: 337px) 100vw, 337px\" \/>\t\t\t<\/div>\n\t\t<\/div>\n\t\t<div class=\"qodef-e-content\">\n            <h5 itemprop=\"name\" class=\"qodef-e-title entry-title\" >\n\t\t\tLeandro<br>Aquistapacie\t<\/h5>\n\t\t\t\t<p class=\"qodef-e-role\">Project Manager + Prod. Musical<\/p>\n\t\t\t\t<div class=\"qodef-team-member-social-icons\">\n\t\t\t\t\t\t\t\t\t\t\t\t\t\t\t\t\t\t<\/div>\n\t\t<\/div>\n\t<\/div>\n<\/div>\n<div class=\"qodef-e qodef-grid-item post-2389 team type-team status-publish has-post-thumbnail hentry team-category-team\">\n\t<div class=\"qodef-e-inner\">\n\t\t<div class=\"qodef-e-image\">\n\t\t\t\t<div class=\"qodef-e-media-image\">\n\t\t\t\t\t<img loading=\"lazy\" decoding=\"async\" width=\"337\" height=\"425\" src=\"https:\/\/crudo.uy\/wp-content\/uploads\/2021\/05\/mate.jpg\" class=\"attachment-full size-full wp-post-image\" alt=\"\" srcset=\"https:\/\/crudo.uy\/wp-content\/uploads\/2021\/05\/mate.jpg 337w, https:\/\/crudo.uy\/wp-content\/uploads\/2021\/05\/mate-238x300.jpg 238w\" sizes=\"auto, (max-width: 337px) 100vw, 337px\" \/>\t\t\t<\/div>\n\t\t<\/div>\n\t\t<div class=\"qodef-e-content\">\n            <h5 itemprop=\"name\" class=\"qodef-e-title entry-title\" >\n\t\t\tMateo<br>Alvarez\t<\/h5>\n\t\t\t\t<p class=\"qodef-e-role\">Graphic Designer<\/p>\n\t\t\t\t<div class=\"qodef-team-member-social-icons\">\n\t\t\t\t\t\t\t\t\t\t\t\t\t\t\t\t\t\t<\/div>\n\t\t<\/div>\n\t<\/div>\n<\/div>\n<div class=\"qodef-e qodef-grid-item post-2390 team type-team status-publish has-post-thumbnail hentry team-category-team\">\n\t<div class=\"qodef-e-inner\">\n\t\t<div class=\"qodef-e-image\">\n\t\t\t\t<div class=\"qodef-e-media-image\">\n\t\t\t\t\t<img loading=\"lazy\" decoding=\"async\" width=\"337\" height=\"425\" src=\"https:\/\/crudo.uy\/wp-content\/uploads\/2021\/05\/georje.jpg\" class=\"attachment-full size-full wp-post-image\" alt=\"\" srcset=\"https:\/\/crudo.uy\/wp-content\/uploads\/2021\/05\/georje.jpg 337w, https:\/\/crudo.uy\/wp-content\/uploads\/2021\/05\/georje-238x300.jpg 238w\" sizes=\"auto, (max-width: 337px) 100vw, 337px\" \/>\t\t\t<\/div>\n\t\t<\/div>\n\t\t<div class=\"qodef-e-content\">\n            <h5 itemprop=\"name\" class=\"qodef-e-title entry-title\" >\n\t\t\tJorge<br>Campos\t<\/h5>\n\t\t\t\t<p class=\"qodef-e-role\">Producci\u00f3n Ejecutiva + Procesamiento de Datos<\/p>\n\t\t\t\t<div class=\"qodef-team-member-social-icons\">\n\t\t\t\t\t\t\t\t\t\t\t\t\t\t\t\t\t\t<\/div>\n\t\t<\/div>\n\t<\/div>\n<\/div>\n<div class=\"qodef-e qodef-grid-item post-2391 team type-team status-publish has-post-thumbnail hentry team-category-team\">\n\t<div class=\"qodef-e-inner\">\n\t\t<div class=\"qodef-e-image\">\n\t\t\t\t<div class=\"qodef-e-media-image\">\n\t\t\t\t\t<img loading=\"lazy\" decoding=\"async\" width=\"337\" height=\"425\" src=\"https:\/\/crudo.uy\/wp-content\/uploads\/2021\/05\/Mesa-de-trabajo-1-copia-5.png\" class=\"attachment-full size-full wp-post-image\" alt=\"\" srcset=\"https:\/\/crudo.uy\/wp-content\/uploads\/2021\/05\/Mesa-de-trabajo-1-copia-5.png 337w, https:\/\/crudo.uy\/wp-content\/uploads\/2021\/05\/Mesa-de-trabajo-1-copia-5-238x300.png 238w\" sizes=\"auto, (max-width: 337px) 100vw, 337px\" \/>\t\t\t<\/div>\n\t\t<\/div>\n\t\t<div class=\"qodef-e-content\">\n            <h5 itemprop=\"name\" class=\"qodef-e-title entry-title\" >\n\t\t\tJuan M.<br>Gonz\u00e1lez\t<\/h5>\n\t\t\t\t<p class=\"qodef-e-role\">Content Filmmaker<\/p>\n\t\t\t\t<div class=\"qodef-team-member-social-icons\">\n\t\t\t\t\t\t\t\t\t\t\t\t\t\t\t\t\t\t<\/div>\n\t\t<\/div>\n\t<\/div>\n<\/div>\n<div class=\"qodef-e qodef-grid-item post-2395 team type-team status-publish has-post-thumbnail hentry team-category-team\">\n\t<div class=\"qodef-e-inner\">\n\t\t<div class=\"qodef-e-image\">\n\t\t\t\t<div class=\"qodef-e-media-image\">\n\t\t\t\t\t<img loading=\"lazy\" decoding=\"async\" width=\"337\" height=\"425\" src=\"https:\/\/crudo.uy\/wp-content\/uploads\/2021\/05\/Mesa-de-trabajo-1-copia-3.png\" class=\"attachment-full size-full wp-post-image\" alt=\"\" srcset=\"https:\/\/crudo.uy\/wp-content\/uploads\/2021\/05\/Mesa-de-trabajo-1-copia-3.png 337w, https:\/\/crudo.uy\/wp-content\/uploads\/2021\/05\/Mesa-de-trabajo-1-copia-3-238x300.png 238w\" sizes=\"auto, (max-width: 337px) 100vw, 337px\" \/>\t\t\t<\/div>\n\t\t<\/div>\n\t\t<div class=\"qodef-e-content\">\n            <h5 itemprop=\"name\" class=\"qodef-e-title entry-title\" >\n\t\t\tMart\u00edn<br>Gonz\u00e1lez\t<\/h5>\n\t\t\t\t<p class=\"qodef-e-role\">Director de fotograf\u00eda + Dise\u00f1ador Gr\u00e1fico<\/p>\n\t\t\t\t<div class=\"qodef-team-member-social-icons\">\n\t\t\t\t\t\t\t\t\t\t\t\t\t\t\t\t\t\t<\/div>\n\t\t<\/div>\n\t<\/div>\n<\/div>\n<div class=\"qodef-e qodef-grid-item post-2396 team type-team status-publish has-post-thumbnail hentry team-category-team\">\n\t<div class=\"qodef-e-inner\">\n\t\t<div class=\"qodef-e-image\">\n\t\t\t\t<div class=\"qodef-e-media-image\">\n\t\t\t\t\t<img loading=\"lazy\" decoding=\"async\" width=\"337\" height=\"425\" src=\"https:\/\/crudo.uy\/wp-content\/uploads\/2021\/05\/Mesa-de-trabajo-1-copia.png\" class=\"attachment-full size-full wp-post-image\" alt=\"\" srcset=\"https:\/\/crudo.uy\/wp-content\/uploads\/2021\/05\/Mesa-de-trabajo-1-copia.png 337w, https:\/\/crudo.uy\/wp-content\/uploads\/2021\/05\/Mesa-de-trabajo-1-copia-238x300.png 238w\" sizes=\"auto, (max-width: 337px) 100vw, 337px\" \/>\t\t\t<\/div>\n\t\t<\/div>\n\t\t<div class=\"qodef-e-content\">\n            <h5 itemprop=\"name\" class=\"qodef-e-title entry-title\" >\n\t\t\tMart\u00edn <br> Leal\t<\/h5>\n\t\t\t\t<p class=\"qodef-e-role\">Director Audiovisual<\/p>\n\t\t\t\t<div class=\"qodef-team-member-social-icons\">\n\t\t\t\t\t\t\t\t\t\t\t\t\t\t\t\t\t\t<\/div>\n\t\t<\/div>\n\t<\/div>\n<\/div>\n<div class=\"qodef-e qodef-grid-item post-8619 team type-team status-publish has-post-thumbnail hentry team-category-team\">\n\t<div class=\"qodef-e-inner\">\n\t\t<div class=\"qodef-e-image\">\n\t\t\t\t<div class=\"qodef-e-media-image\">\n\t\t\t\t\t<img loading=\"lazy\" decoding=\"async\" width=\"337\" height=\"425\" src=\"https:\/\/crudo.uy\/wp-content\/uploads\/2021\/05\/leo.jpg\" class=\"attachment-full size-full wp-post-image\" alt=\"\" srcset=\"https:\/\/crudo.uy\/wp-content\/uploads\/2021\/05\/leo.jpg 337w, https:\/\/crudo.uy\/wp-content\/uploads\/2021\/05\/leo-238x300.jpg 238w\" sizes=\"auto, (max-width: 337px) 100vw, 337px\" \/>\t\t\t<\/div>\n\t\t<\/div>\n\t\t<div class=\"qodef-e-content\">\n            <h5 itemprop=\"name\" class=\"qodef-e-title entry-title\" >\n\t\t\tLeo<br>Banchero\t<\/h5>\n\t\t\t\t<p class=\"qodef-e-role\">Graphic Designer<\/p>\n\t\t\t\t<div class=\"qodef-team-member-social-icons\">\n\t\t\t\t\t\t\t\t\t\t\t\t\t\t\t\t\t\t<\/div>\n\t\t<\/div>\n\t<\/div>\n<\/div>\n<div class=\"qodef-e qodef-grid-item post-8620 team type-team status-publish has-post-thumbnail hentry team-category-team\">\n\t<div class=\"qodef-e-inner\">\n\t\t<div class=\"qodef-e-image\">\n\t\t\t\t<div class=\"qodef-e-media-image\">\n\t\t\t\t\t<img loading=\"lazy\" decoding=\"async\" width=\"337\" height=\"425\" src=\"https:\/\/crudo.uy\/wp-content\/uploads\/2021\/05\/nicole.jpg\" class=\"attachment-full size-full wp-post-image\" alt=\"\" srcset=\"https:\/\/crudo.uy\/wp-content\/uploads\/2021\/05\/nicole.jpg 337w, https:\/\/crudo.uy\/wp-content\/uploads\/2021\/05\/nicole-238x300.jpg 238w\" sizes=\"auto, (max-width: 337px) 100vw, 337px\" \/>\t\t\t<\/div>\n\t\t<\/div>\n\t\t<div class=\"qodef-e-content\">\n            <h5 itemprop=\"name\" class=\"qodef-e-title entry-title\" >\n\t\t\tNicole<br>Martinez\t<\/h5>\n\t\t\t\t<p class=\"qodef-e-role\">Social Media Content Strategy<\/p>\n\t\t\t\t<div class=\"qodef-team-member-social-icons\">\n\t\t\t\t\t\t\t\t\t\t\t\t\t\t\t\t\t\t<\/div>\n\t\t<\/div>\n\t<\/div>\n<\/div>\n<div class=\"qodef-e qodef-grid-item post-8639 team type-team status-publish has-post-thumbnail hentry team-category-team\">\n\t<div class=\"qodef-e-inner\">\n\t\t<div class=\"qodef-e-image\">\n\t\t\t\t<div class=\"qodef-e-media-image\">\n\t\t\t\t\t<img loading=\"lazy\" decoding=\"async\" width=\"337\" height=\"425\" src=\"https:\/\/crudo.uy\/wp-content\/uploads\/2021\/05\/cari.jpg\" class=\"attachment-full size-full wp-post-image\" alt=\"\" srcset=\"https:\/\/crudo.uy\/wp-content\/uploads\/2021\/05\/cari.jpg 337w, https:\/\/crudo.uy\/wp-content\/uploads\/2021\/05\/cari-238x300.jpg 238w\" sizes=\"auto, (max-width: 337px) 100vw, 337px\" \/>\t\t\t<\/div>\n\t\t<\/div>\n\t\t<div class=\"qodef-e-content\">\n            <h5 itemprop=\"name\" class=\"qodef-e-title entry-title\" >\n\t\t\tCarina Garc\u00eda\t<\/h5>\n\t\t\t\t<p class=\"qodef-e-role\">Creative Director<\/p>\n\t\t\t\t<div class=\"qodef-team-member-social-icons\">\n\t\t\t\t\t\t\t\t\t\t\t\t\t\t\t\t\t\t<\/div>\n\t\t<\/div>\n\t<\/div>\n<\/div>\n\t<\/div>\n\t<\/div>\n\t\t<\/div>\n\t\t\t\t<\/div>\n\t\t\t\t\t<\/div>\n\t\t<\/div>\n\t\t\t\t\t\t\t<\/div>\n\t\t<\/section>\n\t\t\t\t\t\t\t<\/div>\n\t\t","protected":false},"excerpt":{"rendered":"<p>En Crudo buscamos a las personas correctas para trabajar en los proyectos indicados, con el objetivo de maximizar su potencial creativo. GonzaloGrandal Socio + Director Creativo FabricioMolaguero Socio + Director de Arte LeandroAquistapacie Project Manager + Prod. Musical MateoAlvarez Graphic Designer JorgeCampos Producci\u00f3n Ejecutiva + Procesamiento de Datos Juan M.Gonz\u00e1lez Content Filmmaker Mart\u00ednGonz\u00e1lez Director de [&hellip;]<\/p>\n","protected":false},"author":1,"featured_media":0,"parent":0,"menu_order":0,"comment_status":"closed","ping_status":"closed","template":"page-full-width.php","meta":{"inline_featured_image":false,"footnotes":""},"class_list":["post-2600","page","type-page","status-publish","hentry"],"_links":{"self":[{"href":"https:\/\/crudo.uy\/index.php\/wp-json\/wp\/v2\/pages\/2600","targetHints":{"allow":["GET"]}}],"collection":[{"href":"https:\/\/crudo.uy\/index.php\/wp-json\/wp\/v2\/pages"}],"about":[{"href":"https:\/\/crudo.uy\/index.php\/wp-json\/wp\/v2\/types\/page"}],"author":[{"embeddable":true,"href":"https:\/\/crudo.uy\/index.php\/wp-json\/wp\/v2\/users\/1"}],"replies":[{"embeddable":true,"href":"https:\/\/crudo.uy\/index.php\/wp-json\/wp\/v2\/comments?post=2600"}],"version-history":[{"count":9,"href":"https:\/\/crudo.uy\/index.php\/wp-json\/wp\/v2\/pages\/2600\/revisions"}],"predecessor-version":[{"id":8623,"href":"https:\/\/crudo.uy\/index.php\/wp-json\/wp\/v2\/pages\/2600\/revisions\/8623"}],"wp:attachment":[{"href":"https:\/\/crudo.uy\/index.php\/wp-json\/wp\/v2\/media?parent=2600"}],"curies":[{"name":"wp","href":"https:\/\/api.w.org\/{rel}","templated":true}]}}